{"id":379,"date":"2020-04-08T13:21:41","date_gmt":"2020-04-08T11:21:41","guid":{"rendered":"http:\/\/patrzacnawschod.pl\/?page_id=379"},"modified":"2020-04-08T13:21:41","modified_gmt":"2020-04-08T11:21:41","slug":"polityka-prywatnosci-2","status":"publish","type":"page","link":"https:\/\/patrzacnawschod.pl\/index.php\/polityka-prywatnosci-2\/","title":{"rendered":"Polityka prywatno\u015bci"},"content":{"rendered":"\n<p>Poni\u017csza Polityka Cookies okre\u015bla zasady zapisywania i uzyskiwania dost\u0119pu do danych na Urz\u0105dzeniach U\u017cytkownik\u00f3w korzystaj\u0105cych z Serwisu do cel\u00f3w \u015bwiadczenia us\u0142ug drog\u0105 elektroniczn\u0105 przez Administratora Serwisu.<\/p>\n\n\n\n<h6 class=\"wp-block-heading\">\u00a7 1 DEFINICJE<\/h6>\n\n\n\n<ul class=\"wp-block-list\"><li><strong>Serwis<\/strong>&nbsp;\u2013 serwis internetowy dzia\u0142aj\u0105cy pod adresem&nbsp;www.patrzacnawschod.pl<\/li><li><strong>Serwis zewn\u0119trzny<\/strong>&nbsp;\u2013 serwis internetowe partner\u00f3w, us\u0142ugodawc\u00f3w lub us\u0142ugobiorc\u00f3w Administratora<\/li><li><strong>Administrator<\/strong>&nbsp;\u2013&nbsp;Festiwal Patrz\u0105c na Wsch\u00f3d,  adres:&nbsp;Buda Ruska 16 nad Czarn\u0105 Ha\u0144cz\u0105 dom Piotra Malczewskiego, \u015bwiadcz\u0105cy us\u0142ugi drog\u0105 elektroniczn\u0105 za po\u015brednictwem Serwisu oraz przechowuj\u0105ca i uzyskuj\u0105ca dost\u0119p do informacji w urz\u0105dzeniach U\u017cytkownika<\/li><li><strong>U\u017cytkownik<\/strong>&nbsp;\u2013 osoba fizyczna, dla kt\u00f3rej Administrator \u015bwiadczy us\u0142ugi drog\u0105 elektroniczna za po\u015brednictwem Serwisu.<\/li><li><strong>Urz\u0105dzenie<\/strong>&nbsp;\u2013 elektroniczne urz\u0105dzenie wraz z oprogramowaniem, za po\u015brednictwem, kt\u00f3rego U\u017cytkownik uzyskuje dost\u0119p do Serwisu<\/li><li><strong>Cookies (ciasteczka)<\/strong>&nbsp;\u2013 dane tekstowe gromadzone w formie plik\u00f3w zamieszczanych na Urz\u0105dzeniu U\u017cytkownika<\/li><\/ul>\n\n\n\n<h6 class=\"wp-block-heading\">\u00a7 2 RODZAJE COOKIES<\/h6>\n\n\n\n<ul class=\"wp-block-list\"><li><strong>Cookies wewn\u0119trzne<\/strong>&nbsp;\u2013 pliki zamieszczane i odczytywane z Urz\u0105dzenia U\u017cytkownika przes system teleinformatyczny Serwisu<\/li><li><strong>Cookies zewn\u0119trzne<\/strong>&nbsp;\u2013 pliki zamieszczane i odczytywane z Urz\u0105dzenia U\u017cytkownika przez systemy teleinformatyczne Serwis\u00f3w zewn\u0119trznych<\/li><li><strong>Cookies sesyjne<\/strong>&nbsp;\u2013 pliki zamieszczane i odczytywane z Urz\u0105dzenia U\u017cytkownika przez Serwis&nbsp;lub Serwisy zewn\u0119trzne&nbsp;podczas jednej sesji danego Urz\u0105dzenia. Po zako\u0144czeniu sesji pliki s\u0105 usuwane z Urz\u0105dzenia U\u017cytkownika.<\/li><li><strong>Cookies trwa\u0142e<\/strong>&nbsp;\u2013 pliki zamieszczane i odczytywane z Urz\u0105dzenia U\u017cytkownika przez Serwis&nbsp;lub Serwisy zewn\u0119trzne&nbsp;do momentu ich r\u0119cznego usuni\u0119cia. Pliki nie s\u0105 usuwane automatycznie po zako\u0144czeniu sesji Urz\u0105dzenia chyba \u017ce konfiguracja Urz\u0105dzenia U\u017cytkownika jest ustawiona na tryb usuwanie plik\u00f3w Cookie po zako\u0144czeniu sesji Urz\u0105dzenia.<\/li><\/ul>\n\n\n\n<h6 class=\"wp-block-heading\">\u00a7 3 BEZPIECZE\u0143STWO<\/h6>\n\n\n\n<ul class=\"wp-block-list\"><li><strong>Mechanizmy sk\u0142adowania i odczytu<\/strong>&nbsp;\u2013 Mechanizmy sk\u0142adowania i odczytu Cookies nie pozwalaj\u0105 na pobierania jakichkolwiek danych osobowych ani \u017cadnych informacji poufnych z Urz\u0105dzenia U\u017cytkownika. Przeniesienie na Urz\u0105dzenie U\u017cytkownika wirus\u00f3w, koni troja\u0144skich oraz innych robak\u00f3w jest praktynie niemo\u017cliwe.<\/li><li><strong>Cookie wewn\u0119trzne<\/strong>&nbsp;\u2013 zastosowane przez Administratora Cookie wewn\u0119trzne s\u0105 bezpieczne dla Urz\u0105dze\u0144 U\u017cytkownik\u00f3w<\/li><li><strong>Cookie zewn\u0119trzne<\/strong>&nbsp;\u2013 za bezpiecze\u0144stwo plik\u00f3w Cookie pochodz\u0105cych od partner\u00f3w Serwisu Administrator nie ponosi odpowiedzialno\u015bci. Lista partner\u00f3w zamieszczona jest w dalszej cz\u0119\u015bci Polityki Cookie.<\/li><\/ul>\n\n\n\n<h6 class=\"wp-block-heading\">\u00a7 4 CELE DO KT\u00d3RYCH WYKORZYSTYWANE S\u0104 PLIKI COOKIE<\/h6>\n\n\n\n<ul class=\"wp-block-list\"><li><strong>Usprawnienie i u\u0142atwienie dost\u0119pu do Serwisu<\/strong>&nbsp;\u2013 Administrator mo\u017ce przechowywa\u0107 w plikach Cookie informacje o prefernecjach i ustawieniach u\u017cytkownika dotycz\u0105cych Serwisu aby usprawni\u0107, polepszy\u0107 i przy\u015bpieszy\u0107 \u015bwiadczenie us\u0142ug w ramach Serwisu.<\/li><li><strong>Dane statystyczne<\/strong>&nbsp;\u2013 Administrator&nbsp;oraz Serwisy zewn\u0119trzne&nbsp;wykorzystuje pliki Cookie do zbirania i przetwarzania danych statystycznych takich jak np. statystyki odwiedzin, statystyki Urz\u0105dze\u0144 U\u017cytkownik\u00f3w czy statystyki zachowa\u0144 u\u017cytkownik\u00f3w. Dane te zbierane s\u0105 w celu analizy i ulepszania Serwisu.<\/li><li><strong>Serwowanie us\u0142ug multimedialnych<\/strong>&nbsp;\u2013 Administrator&nbsp;oraz Serwisy zewn\u0119trzne&nbsp;wykorzystuje pliki Cookie do serwowania U\u017cytkownikom us\u0142ug multimedialnych.<\/li><li><strong>Us\u0142ugi spo\u0142eczno\u015bciowe<\/strong>&nbsp;\u2013 Administrator&nbsp;oraz Serwisy zewn\u0119trzne&nbsp;wykorzystuj\u0105 pliki Cookie do wsparcia us\u0142ug spo\u0142eczno\u015bciowych<\/li><\/ul>\n\n\n\n<h6 class=\"wp-block-heading\">\u00a7 5 SERWISY ZEWN\u0118TRZNE<\/h6>\n\n\n\n<p>Administrator wsp\u00f3\u0142pracuje z nast\u0119puj\u0105cymi serwisami zewn\u0119trznymi, kt\u00f3re mog\u0105 zamieszcza\u0107 pliki Cookie na Urz\u0105dzeniach U\u017cytkownika:<\/p>\n\n\n\n<ul class=\"wp-block-list\"><li><strong>Google Analytics<\/strong><\/li><li><strong>Google+<\/strong><\/li><li><strong>Facebook<\/strong><\/li><li><strong>Twitter<\/strong><\/li><li><strong>Youtube<\/strong><\/li><li><strong>Vimeo<\/strong><\/li><\/ul>\n\n\n\n<h6 class=\"wp-block-heading\">\u00a7 6 MO\u017bLIWO\u015aCI OKRE\u015aLANIA WARUNK\u00d3W PRZECHOWYWANIA I UZYSKIWANIA DOST\u0118PU NA URZ\u0104DZENIACH U\u017bYTKOWNIKA PRZEZ SERWIS&nbsp;I SERWISY ZEWN\u0118TRZNE<\/h6>\n\n\n\n<ul class=\"wp-block-list\"><li>U\u017cytkownik mo\u017ce w dowolnym momencie, samodzielnie zmieni\u0107 ustawienia dotycz\u0105ce zapisywania, usuwania oraz dost\u0119pu do danych zapisanych plik\u00f3w Cookies<\/li><li>Informacje o sposobie wy\u0142\u0105czenia plik\u00f3w Cookie w najpopularniejszych przegl\u0105darkach komputerowych i urz\u0105dze\u0144 mobilnych dost\u0119pna s\u0105 na stronie:&nbsp;<a href=\"http:\/\/jakwylaczyccookie.pl\/\">jak wy\u0142\u0105czy\u0107 cookie<\/a>.<\/li><li>U\u017cytkownik mo\u017ce w dowolnym momencie usun\u0105\u0107 wszelkie zapisane do tej pory pliki Cookie korzystaj\u0105c z narz\u0119dzi Urz\u0105dzenia U\u017cytkownika za po\u015brednictwem kt\u00f3rego U\u017cytkowanik korzysta z us\u0142ug Serwisu.<\/li><\/ul>\n\n\n\n<h6 class=\"wp-block-heading\">\u00a7 7 WYMAGANIA SERWISU<\/h6>\n\n\n\n<ul class=\"wp-block-list\"><li>Ograniczenie zapisu i dost\u0119pu do plik\u00f3w Cookie na Urz\u0105dzeniu U\u017cytkownika mo\u017ce spowodowa\u0107 nieprawid\u0142owe dzia\u0142anie niekt\u00f3rych funkcji Serwisu.<\/li><li>Administrator nie ponosi \u017cadnej odpowiedzialno\u015bci za nieprawid\u0142owo dzia\u0142aj\u0105ce funkcje Serwisu w przypadku gdy U\u017cytkownik ograniczy w jakikolwiek spos\u00f3b mo\u017cliwo\u015b\u0107 zapisywania i odczytu plik\u00f3w Cookie.<\/li><\/ul>\n\n\n\n<h6 class=\"wp-block-heading\">\u00a7 8 ZMIANY W POLITYCE COOKIE<\/h6>\n\n\n\n<ul class=\"wp-block-list\"><li>Administrator zastrzega sobie prawo do dowolnej zmiany niniejszej Polityki Cookie bez konieczno\u015bci informowania o tym u\u017cytkownik\u00f3w.<\/li><li>Wprowadzone zmiany w Polityce Cookie zawsze b\u0119d\u0105 publikowane na tej stronie.<\/li><li>Wprowadzone zmiany wchodz\u0105 w \u017cycie w dniu publikacji Polityki Cookie.<\/li><\/ul>\n","protected":false},"excerpt":{"rendered":"<p>Poni\u017csza Polityka Cookies okre\u015bla zasady zapisywania i uzyskiwania dost\u0119pu do danych na Urz\u0105dzeniach U\u017cytkownik\u00f3w korzystaj\u0105cych z Serwisu do cel\u00f3w \u015bwiadczenia us\u0142ug drog\u0105 elektroniczn\u0105 przez Administratora Serwisu. \u00a7 1 DEFINICJE Serwis&nbsp;\u2013 serwis internetowy dzia\u0142aj\u0105cy pod adresem&nbsp;www.patrzacnawschod.pl Serwis zewn\u0119trzny&nbsp;\u2013 serwis internetowe partner\u00f3w, us\u0142ugodawc\u00f3w lub us\u0142ugobiorc\u00f3w Administratora Administrator&nbsp;\u2013&nbsp;Festiwal Patrz\u0105c na Wsch\u00f3d, adres:&nbsp;Buda Ruska 16 nad Czarn\u0105 Ha\u0144cz\u0105 dom &hellip; <\/p>\n<p><a href=\"https:\/\/patrzacnawschod.pl\/index.php\/polityka-prywatnosci-2\/\" class=\"more-link\">Read more<span class=\"screen-reader-text\"> &#8222;Polityka prywatno\u015bci&#8221;<\/span><\/a><\/p>\n","protected":false},"author":1,"featured_media":0,"parent":0,"menu_order":0,"comment_status":"closed","ping_status":"closed","template":"","meta":{"footnotes":""},"class_list":["post-379","page","type-page","status-publish","hentry"],"_links":{"self":[{"href":"https:\/\/patrzacnawschod.pl\/index.php\/wp-json\/wp\/v2\/pages\/379","targetHints":{"allow":["GET"]}}],"collection":[{"href":"https:\/\/patrzacnawschod.pl\/index.php\/wp-json\/wp\/v2\/pages"}],"about":[{"href":"https:\/\/patrzacnawschod.pl\/index.php\/wp-json\/wp\/v2\/types\/page"}],"author":[{"embeddable":true,"href":"https:\/\/patrzacnawschod.pl\/index.php\/wp-json\/wp\/v2\/users\/1"}],"replies":[{"embeddable":true,"href":"https:\/\/patrzacnawschod.pl\/index.php\/wp-json\/wp\/v2\/comments?post=379"}],"version-history":[{"count":1,"href":"https:\/\/patrzacnawschod.pl\/index.php\/wp-json\/wp\/v2\/pages\/379\/revisions"}],"predecessor-version":[{"id":380,"href":"https:\/\/patrzacnawschod.pl\/index.php\/wp-json\/wp\/v2\/pages\/379\/revisions\/380"}],"wp:attachment":[{"href":"https:\/\/patrzacnawschod.pl\/index.php\/wp-json\/wp\/v2\/media?parent=379"}],"curies":[{"name":"wp","href":"https:\/\/api.w.org\/{rel}","templated":true}]}}