{"id":558,"date":"2020-04-22T12:26:08","date_gmt":"2020-04-22T10:26:08","guid":{"rendered":"http:\/\/patrzacnawschod.pl\/?page_id=558"},"modified":"2020-04-22T12:26:09","modified_gmt":"2020-04-22T10:26:09","slug":"wydarzenia","status":"publish","type":"page","link":"https:\/\/patrzacnawschod.pl\/index.php\/wydarzenia\/","title":{"rendered":"Wydarzenia"},"content":{"rendered":"\n<p>Co roku, w trakcie festiwalu. odbywaj\u0105 si\u0119 warsztaty i spacery ornitologiczne &#8211; tak b\u0119dzie i w 2020 roku.<\/p>\n\n\n\n<p>W tym roku opr\u00f3cz sta\u0142ej wystawy w Muzeum Mongolii i przedstawiaj\u0105cej Staroobrz\u0119dowc\u00f3w w Polsce, r\u00f3wnie\u017c wystawa czasowa pi\u00f3r ptasich!<\/p>\n","protected":false},"excerpt":{"rendered":"<p>Co roku, w trakcie festiwalu. odbywaj\u0105 si\u0119 warsztaty i spacery ornitologiczne &#8211; tak b\u0119dzie i w 2020 roku. W tym roku opr\u00f3cz sta\u0142ej wystawy w Muzeum Mongolii i przedstawiaj\u0105cej Staroobrz\u0119dowc\u00f3w w Polsce, r\u00f3wnie\u017c wystawa czasowa pi\u00f3r ptasich!<\/p>\n","protected":false},"author":1,"featured_media":559,"parent":0,"menu_order":0,"comment_status":"closed","ping_status":"closed","template":"","meta":{"footnotes":""},"class_list":["post-558","page","type-page","status-publish","has-post-thumbnail","hentry"],"_links":{"self":[{"href":"https:\/\/patrzacnawschod.pl\/index.php\/wp-json\/wp\/v2\/pages\/558","targetHints":{"allow":["GET"]}}],"collection":[{"href":"https:\/\/patrzacnawschod.pl\/index.php\/wp-json\/wp\/v2\/pages"}],"about":[{"href":"https:\/\/patrzacnawschod.pl\/index.php\/wp-json\/wp\/v2\/types\/page"}],"author":[{"embeddable":true,"href":"https:\/\/patrzacnawschod.pl\/index.php\/wp-json\/wp\/v2\/users\/1"}],"replies":[{"embeddable":true,"href":"https:\/\/patrzacnawschod.pl\/index.php\/wp-json\/wp\/v2\/comments?post=558"}],"version-history":[{"count":1,"href":"https:\/\/patrzacnawschod.pl\/index.php\/wp-json\/wp\/v2\/pages\/558\/revisions"}],"predecessor-version":[{"id":560,"href":"https:\/\/patrzacnawschod.pl\/index.php\/wp-json\/wp\/v2\/pages\/558\/revisions\/560"}],"wp:featuredmedia":[{"embeddable":true,"href":"https:\/\/patrzacnawschod.pl\/index.php\/wp-json\/wp\/v2\/media\/559"}],"wp:attachment":[{"href":"https:\/\/patrzacnawschod.pl\/index.php\/wp-json\/wp\/v2\/media?parent=558"}],"curies":[{"name":"wp","href":"https:\/\/api.w.org\/{rel}","templated":true}]}}