{"id":790,"date":"2021-02-28T16:08:45","date_gmt":"2021-02-28T15:08:45","guid":{"rendered":"http:\/\/patrzacnawschod.pl\/?page_id=790"},"modified":"2026-03-03T14:35:24","modified_gmt":"2026-03-03T13:35:24","slug":"jak-nas-wesprzec","status":"publish","type":"page","link":"https:\/\/patrzacnawschod.pl\/index.php\/jak-nas-wesprzec\/","title":{"rendered":"Jak nas wesprze\u0107?"},"content":{"rendered":"\n<p><strong><em>Szanowni Pa\u0144stwo, drodzy Przyjaciele, Go\u015bcie Budy Ruskiej 16 i festiwalu literackiego Patrz\u0105c na Wsch\u00f3d oraz festiwalu Powsin\u00f3g.\u00a0<\/em><\/strong><\/p>\n\n\n\n<p><br>Bardzo zach\u0119camy Was do wsparcia Stowarzyszenia Ma\u0107kowa Ruda, jakie powo\u0142ali\u015bmy do \u017cycia i kt\u00f3re formalnie bierze odpowiedzialno\u015b\u0107 za organizacj\u0119 festiwali. Pomoc taka dla nas w dzisiejszych czasach jest jedn\u0105 z mo\u017cliwych dr\u00f3g utrzymania naszego miejsca i sta\u0142ego rozwoju.<br><\/p>\n\n\n\n<p>Prosimy i zach\u0119camy do dobrowolnych wp\u0142at na poni\u017cszy numer konta. Liczy si\u0119 dla nas ka\u017cda z\u0142ot\u00f3wka i ka\u017cdy gest dobrej woli. Zebrane pieni\u0105dze przeznaczymy na kolejne edycje festiwali organizowanych w Budzie Ruskiej 16 nad Czarn\u0105 Ha\u0144cz\u0105.\u00a0 \u00a0\u00a0<\/p>\n\n\n\n<p>Dane adresowe:\u00a0Stowarzyszenie Ma\u0107kowa Ruda,\u00a0Ma\u0107kowa Ruda 22,\u00a016-503 Krasnopol\u00a0<\/p>\n\n\n\n<p><br>Numer kontaBank SantanderKonto nr 67 1090 2776 0000 0001 4669 7431<\/p>\n","protected":false},"excerpt":{"rendered":"<p>Szanowni Pa\u0144stwo, drodzy Przyjaciele, Go\u015bcie Budy Ruskiej 16 i festiwalu literackiego Patrz\u0105c na Wsch\u00f3d oraz festiwalu Powsin\u00f3g.\u00a0 Bardzo zach\u0119camy Was do wsparcia Stowarzyszenia Ma\u0107kowa Ruda, jakie powo\u0142ali\u015bmy do \u017cycia i kt\u00f3re formalnie bierze odpowiedzialno\u015b\u0107 za organizacj\u0119 festiwali. Pomoc taka dla nas w dzisiejszych czasach jest jedn\u0105 z mo\u017cliwych dr\u00f3g utrzymania naszego miejsca i sta\u0142ego rozwoju. &hellip; <\/p>\n<p><a href=\"https:\/\/patrzacnawschod.pl\/index.php\/jak-nas-wesprzec\/\" class=\"more-link\">Read more<span class=\"screen-reader-text\"> &#8222;Jak nas wesprze\u0107?&#8221;<\/span><\/a><\/p>\n","protected":false},"author":1,"featured_media":1146,"parent":0,"menu_order":0,"comment_status":"closed","ping_status":"closed","template":"","meta":{"footnotes":""},"class_list":["post-790","page","type-page","status-publish","has-post-thumbnail","hentry"],"_links":{"self":[{"href":"https:\/\/patrzacnawschod.pl\/index.php\/wp-json\/wp\/v2\/pages\/790","targetHints":{"allow":["GET"]}}],"collection":[{"href":"https:\/\/patrzacnawschod.pl\/index.php\/wp-json\/wp\/v2\/pages"}],"about":[{"href":"https:\/\/patrzacnawschod.pl\/index.php\/wp-json\/wp\/v2\/types\/page"}],"author":[{"embeddable":true,"href":"https:\/\/patrzacnawschod.pl\/index.php\/wp-json\/wp\/v2\/users\/1"}],"replies":[{"embeddable":true,"href":"https:\/\/patrzacnawschod.pl\/index.php\/wp-json\/wp\/v2\/comments?post=790"}],"version-history":[{"count":1,"href":"https:\/\/patrzacnawschod.pl\/index.php\/wp-json\/wp\/v2\/pages\/790\/revisions"}],"predecessor-version":[{"id":791,"href":"https:\/\/patrzacnawschod.pl\/index.php\/wp-json\/wp\/v2\/pages\/790\/revisions\/791"}],"wp:featuredmedia":[{"embeddable":true,"href":"https:\/\/patrzacnawschod.pl\/index.php\/wp-json\/wp\/v2\/media\/1146"}],"wp:attachment":[{"href":"https:\/\/patrzacnawschod.pl\/index.php\/wp-json\/wp\/v2\/media?parent=790"}],"curies":[{"name":"wp","href":"https:\/\/api.w.org\/{rel}","templated":true}]}}